{"id":69,"date":"2023-07-03T11:36:23","date_gmt":"2023-07-03T11:36:23","guid":{"rendered":"https:\/\/stamms.biz\/test-basket.stamms.biz\/wordpress\/?page_id=69"},"modified":"2023-07-03T11:37:57","modified_gmt":"2023-07-03T11:37:57","slug":"impressum","status":"publish","type":"page","link":"https:\/\/www.corpuwaiite.com\/index.php\/impressum\/","title":{"rendered":"Impressum"},"content":{"rendered":"\t\t<div data-elementor-type=\"wp-page\" data-elementor-id=\"69\" class=\"elementor elementor-69\">\n\t\t\t\t\t\t<section class=\"elementor-section elementor-top-section elementor-element elementor-element-5de68a5 elementor-section-boxed elementor-section-height-default elementor-section-height-default\" data-id=\"5de68a5\" data-element_type=\"section\" data-e-type=\"section\">\n\t\t\t\t\t\t<div class=\"elementor-container elementor-column-gap-default\">\n\t\t\t\t\t<div class=\"elementor-column elementor-col-100 elementor-top-column elementor-element elementor-element-f26ec37\" data-id=\"f26ec37\" data-element_type=\"column\" data-e-type=\"column\">\n\t\t\t<div class=\"elementor-widget-wrap elementor-element-populated\">\n\t\t\t\t\t\t<div class=\"elementor-element elementor-element-fa3f0f1 elementor-widget elementor-widget-spacer\" data-id=\"fa3f0f1\" data-element_type=\"widget\" data-e-type=\"widget\" data-widget_type=\"spacer.default\">\n\t\t\t\t<div class=\"elementor-widget-container\">\n\t\t\t\t\t\t\t<div class=\"elementor-spacer\">\n\t\t\t<div class=\"elementor-spacer-inner\"><\/div>\n\t\t<\/div>\n\t\t\t\t\t\t<\/div>\n\t\t\t\t<\/div>\n\t\t\t\t<div class=\"elementor-element elementor-element-4a5565f elementor-widget__width-initial elementor-widget elementor-widget-text-editor\" data-id=\"4a5565f\" data-element_type=\"widget\" data-e-type=\"widget\" data-widget_type=\"text-editor.default\">\n\t\t\t\t<div class=\"elementor-widget-container\">\n\t\t\t\t\t\t\t\t\t<p><strong>Angaben gem\u00e4\u00df \u00a7 5 TMG:<\/strong><br \/>Artist: Oliver Blankenburg<br \/>Adresse: Nassauische Str.6 | 10717 Berlin<br \/><strong>Kontakt:<\/strong>\u00a0| E-Mail:\u00a0<span id=\"cloak74323d1224725c3c481544aaf850e4ce\"><a href=\"mailto:info@oliverblankenburg.de\">info@oliverblankenburg.de<\/a><\/span><br \/><strong>Verantwortlich f\u00fcr den Inhalt nach \u00a7 55 Abs. 2 RStV:<\/strong><\/p><h5><strong>Haftungsausschluss<br \/><\/strong><\/h5><p>Eine Haftung f\u00fcr die Aktualit\u00e4t, Korrektheit, Vollst\u00e4ndigkeit oder Qualit\u00e4t der Inhalte und Links kann nicht \u00fcbernommen werden.<br \/>oliverblankenburg.de ist nicht verantwortlich f\u00fcr die Inhalte externer Internetseiten.<\/p><p style=\"margin-bottom: 0cm; font-family: Lora, serif, google; font-size: 16px;\">\u00a0<\/p>\t\t\t\t\t\t\t\t<\/div>\n\t\t\t\t<\/div>\n\t\t\t\t\t<\/div>\n\t\t<\/div>\n\t\t\t\t\t<\/div>\n\t\t<\/section>\n\t\t\t\t<\/div>\n\t\t","protected":false},"excerpt":{"rendered":"<p>Angaben gem\u00e4\u00df \u00a7 5 TMG:Artist: Oliver BlankenburgAdresse: Nassauische Str.6 | 10717 BerlinKontakt:\u00a0| E-Mail:\u00a0info@oliverblankenburg.deVerantwortlich f\u00fcr den Inhalt nach \u00a7 55 Abs. 2 RStV: Haftungsausschluss Eine Haftung f\u00fcr die Aktualit\u00e4t, Korrektheit, Vollst\u00e4ndigkeit oder Qualit\u00e4t der Inhalte und Links kann nicht \u00fcbernommen werden.oliverblankenburg.de ist nicht verantwortlich f\u00fcr die &hellip; <a href=\"https:\/\/www.corpuwaiite.com\/index.php\/impressum\/\" class=\"more-link\"><span>Continue reading<span class=\"screen-reader-text\">Impressum<\/span><\/span><\/a><\/p>\n","protected":false},"author":1,"featured_media":0,"parent":0,"menu_order":0,"comment_status":"closed","ping_status":"closed","template":"","meta":{"footnotes":""},"class_list":["post-69","page","type-page","status-publish","hentry"],"yoast_head":"<!-- This site is optimized with the Yoast SEO plugin v27.5 - https:\/\/yoast.com\/product\/yoast-seo-wordpress\/ -->\n<title>Impressum - Corpuwaiite<\/title>\n<meta name=\"robots\" content=\"index, follow, max-snippet:-1, max-image-preview:large, max-video-preview:-1\" \/>\n<link rel=\"canonical\" href=\"https:\/\/www.corpuwaiite.com\/index.php\/impressum\/\" \/>\n<meta property=\"og:locale\" content=\"de_DE\" \/>\n<meta property=\"og:type\" content=\"article\" \/>\n<meta property=\"og:title\" content=\"Impressum - Corpuwaiite\" \/>\n<meta property=\"og:description\" content=\"Angaben gem\u00e4\u00df \u00a7 5 TMG:Artist: Oliver BlankenburgAdresse: Nassauische Str.6 | 10717 BerlinKontakt:\u00a0| E-Mail:\u00a0info@oliverblankenburg.deVerantwortlich f\u00fcr den Inhalt nach \u00a7 55 Abs. 2 RStV: Haftungsausschluss Eine Haftung f\u00fcr die Aktualit\u00e4t, Korrektheit, Vollst\u00e4ndigkeit oder Qualit\u00e4t der Inhalte und Links kann nicht \u00fcbernommen werden.oliverblankenburg.de ist nicht verantwortlich f\u00fcr die &hellip; Continue readingImpressum\" \/>\n<meta property=\"og:url\" content=\"https:\/\/www.corpuwaiite.com\/index.php\/impressum\/\" \/>\n<meta property=\"og:site_name\" content=\"Corpuwaiite\" \/>\n<meta property=\"article:modified_time\" content=\"2023-07-03T11:37:57+00:00\" \/>\n<meta name=\"twitter:card\" content=\"summary_large_image\" \/>\n<script type=\"application\/ld+json\" class=\"yoast-schema-graph\">{\"@context\":\"https:\\\/\\\/schema.org\",\"@graph\":[{\"@type\":\"WebPage\",\"@id\":\"https:\\\/\\\/www.corpuwaiite.com\\\/index.php\\\/impressum\\\/\",\"url\":\"https:\\\/\\\/www.corpuwaiite.com\\\/index.php\\\/impressum\\\/\",\"name\":\"Impressum - Corpuwaiite\",\"isPartOf\":{\"@id\":\"https:\\\/\\\/www.corpuwaiite.com\\\/#website\"},\"datePublished\":\"2023-07-03T11:36:23+00:00\",\"dateModified\":\"2023-07-03T11:37:57+00:00\",\"breadcrumb\":{\"@id\":\"https:\\\/\\\/www.corpuwaiite.com\\\/index.php\\\/impressum\\\/#breadcrumb\"},\"inLanguage\":\"de\",\"potentialAction\":[{\"@type\":\"ReadAction\",\"target\":[\"https:\\\/\\\/www.corpuwaiite.com\\\/index.php\\\/impressum\\\/\"]}]},{\"@type\":\"BreadcrumbList\",\"@id\":\"https:\\\/\\\/www.corpuwaiite.com\\\/index.php\\\/impressum\\\/#breadcrumb\",\"itemListElement\":[{\"@type\":\"ListItem\",\"position\":1,\"name\":\"Startseite\",\"item\":\"https:\\\/\\\/www.corpuwaiite.com\\\/\"},{\"@type\":\"ListItem\",\"position\":2,\"name\":\"Impressum\"}]},{\"@type\":\"WebSite\",\"@id\":\"https:\\\/\\\/www.corpuwaiite.com\\\/#website\",\"url\":\"https:\\\/\\\/www.corpuwaiite.com\\\/\",\"name\":\"Corpuwaiite\",\"description\":\"Artificial Music\",\"publisher\":{\"@id\":\"https:\\\/\\\/www.corpuwaiite.com\\\/#organization\"},\"potentialAction\":[{\"@type\":\"SearchAction\",\"target\":{\"@type\":\"EntryPoint\",\"urlTemplate\":\"https:\\\/\\\/www.corpuwaiite.com\\\/?s={search_term_string}\"},\"query-input\":{\"@type\":\"PropertyValueSpecification\",\"valueRequired\":true,\"valueName\":\"search_term_string\"}}],\"inLanguage\":\"de\"},{\"@type\":\"Organization\",\"@id\":\"https:\\\/\\\/www.corpuwaiite.com\\\/#organization\",\"name\":\"Corpuwaiite\",\"url\":\"https:\\\/\\\/www.corpuwaiite.com\\\/\",\"logo\":{\"@type\":\"ImageObject\",\"inLanguage\":\"de\",\"@id\":\"https:\\\/\\\/www.corpuwaiite.com\\\/#\\\/schema\\\/logo\\\/image\\\/\",\"url\":\"https:\\\/\\\/www.corpuwaiite.com\\\/wp-content\\\/uploads\\\/2023\\\/07\\\/cropped-c1.png\",\"contentUrl\":\"https:\\\/\\\/www.corpuwaiite.com\\\/wp-content\\\/uploads\\\/2023\\\/07\\\/cropped-c1.png\",\"width\":512,\"height\":512,\"caption\":\"Corpuwaiite\"},\"image\":{\"@id\":\"https:\\\/\\\/www.corpuwaiite.com\\\/#\\\/schema\\\/logo\\\/image\\\/\"},\"sameAs\":[\"https:\\\/\\\/www.instagram.com\\\/corpuwaiite\\\/\"]}]}<\/script>\n<!-- \/ Yoast SEO plugin. -->","yoast_head_json":{"title":"Impressum - Corpuwaiite","robots":{"index":"index","follow":"follow","max-snippet":"max-snippet:-1","max-image-preview":"max-image-preview:large","max-video-preview":"max-video-preview:-1"},"canonical":"https:\/\/www.corpuwaiite.com\/index.php\/impressum\/","og_locale":"de_DE","og_type":"article","og_title":"Impressum - Corpuwaiite","og_description":"Angaben gem\u00e4\u00df \u00a7 5 TMG:Artist: Oliver BlankenburgAdresse: Nassauische Str.6 | 10717 BerlinKontakt:\u00a0| E-Mail:\u00a0info@oliverblankenburg.deVerantwortlich f\u00fcr den Inhalt nach \u00a7 55 Abs. 2 RStV: Haftungsausschluss Eine Haftung f\u00fcr die Aktualit\u00e4t, Korrektheit, Vollst\u00e4ndigkeit oder Qualit\u00e4t der Inhalte und Links kann nicht \u00fcbernommen werden.oliverblankenburg.de ist nicht verantwortlich f\u00fcr die &hellip; Continue readingImpressum","og_url":"https:\/\/www.corpuwaiite.com\/index.php\/impressum\/","og_site_name":"Corpuwaiite","article_modified_time":"2023-07-03T11:37:57+00:00","twitter_card":"summary_large_image","schema":{"@context":"https:\/\/schema.org","@graph":[{"@type":"WebPage","@id":"https:\/\/www.corpuwaiite.com\/index.php\/impressum\/","url":"https:\/\/www.corpuwaiite.com\/index.php\/impressum\/","name":"Impressum - Corpuwaiite","isPartOf":{"@id":"https:\/\/www.corpuwaiite.com\/#website"},"datePublished":"2023-07-03T11:36:23+00:00","dateModified":"2023-07-03T11:37:57+00:00","breadcrumb":{"@id":"https:\/\/www.corpuwaiite.com\/index.php\/impressum\/#breadcrumb"},"inLanguage":"de","potentialAction":[{"@type":"ReadAction","target":["https:\/\/www.corpuwaiite.com\/index.php\/impressum\/"]}]},{"@type":"BreadcrumbList","@id":"https:\/\/www.corpuwaiite.com\/index.php\/impressum\/#breadcrumb","itemListElement":[{"@type":"ListItem","position":1,"name":"Startseite","item":"https:\/\/www.corpuwaiite.com\/"},{"@type":"ListItem","position":2,"name":"Impressum"}]},{"@type":"WebSite","@id":"https:\/\/www.corpuwaiite.com\/#website","url":"https:\/\/www.corpuwaiite.com\/","name":"Corpuwaiite","description":"Artificial Music","publisher":{"@id":"https:\/\/www.corpuwaiite.com\/#organization"},"potentialAction":[{"@type":"SearchAction","target":{"@type":"EntryPoint","urlTemplate":"https:\/\/www.corpuwaiite.com\/?s={search_term_string}"},"query-input":{"@type":"PropertyValueSpecification","valueRequired":true,"valueName":"search_term_string"}}],"inLanguage":"de"},{"@type":"Organization","@id":"https:\/\/www.corpuwaiite.com\/#organization","name":"Corpuwaiite","url":"https:\/\/www.corpuwaiite.com\/","logo":{"@type":"ImageObject","inLanguage":"de","@id":"https:\/\/www.corpuwaiite.com\/#\/schema\/logo\/image\/","url":"https:\/\/www.corpuwaiite.com\/wp-content\/uploads\/2023\/07\/cropped-c1.png","contentUrl":"https:\/\/www.corpuwaiite.com\/wp-content\/uploads\/2023\/07\/cropped-c1.png","width":512,"height":512,"caption":"Corpuwaiite"},"image":{"@id":"https:\/\/www.corpuwaiite.com\/#\/schema\/logo\/image\/"},"sameAs":["https:\/\/www.instagram.com\/corpuwaiite\/"]}]}},"_links":{"self":[{"href":"https:\/\/www.corpuwaiite.com\/index.php\/wp-json\/wp\/v2\/pages\/69","targetHints":{"allow":["GET"]}}],"collection":[{"href":"https:\/\/www.corpuwaiite.com\/index.php\/wp-json\/wp\/v2\/pages"}],"about":[{"href":"https:\/\/www.corpuwaiite.com\/index.php\/wp-json\/wp\/v2\/types\/page"}],"author":[{"embeddable":true,"href":"https:\/\/www.corpuwaiite.com\/index.php\/wp-json\/wp\/v2\/users\/1"}],"replies":[{"embeddable":true,"href":"https:\/\/www.corpuwaiite.com\/index.php\/wp-json\/wp\/v2\/comments?post=69"}],"version-history":[{"count":4,"href":"https:\/\/www.corpuwaiite.com\/index.php\/wp-json\/wp\/v2\/pages\/69\/revisions"}],"predecessor-version":[{"id":73,"href":"https:\/\/www.corpuwaiite.com\/index.php\/wp-json\/wp\/v2\/pages\/69\/revisions\/73"}],"wp:attachment":[{"href":"https:\/\/www.corpuwaiite.com\/index.php\/wp-json\/wp\/v2\/media?parent=69"}],"curies":[{"name":"wp","href":"https:\/\/api.w.org\/{rel}","templated":true}]}}